{"id":28,"date":"2025-05-26T22:03:26","date_gmt":"2025-05-26T22:03:26","guid":{"rendered":"http:\/\/lionsofjudah.world\/?page_id=28"},"modified":"2025-05-29T05:57:52","modified_gmt":"2025-05-29T05:57:52","slug":"home","status":"publish","type":"page","link":"https:\/\/lionsofjudah.world\/","title":{"rendered":"Home"},"content":{"rendered":"\t\t<div data-elementor-type=\"wp-post\" data-elementor-id=\"28\" class=\"elementor elementor-28\" data-elementor-post-type=\"page\">\n\t\t\t\t<div class=\"elementor-element elementor-element-3b0acd7 e-con-full e-flex e-con e-parent\" data-id=\"3b0acd7\" data-element_type=\"container\">\n\t\t\t\t<div class=\"elementor-element elementor-element-e92e50a elementor-widget elementor-widget-image\" data-id=\"e92e50a\" data-element_type=\"widget\" data-widget_type=\"image.default\">\n\t\t\t\t<div class=\"elementor-widget-container\">\n\t\t\t\t\t\t\t\t\t\t\t\t\t\t\t<img fetchpriority=\"high\" decoding=\"async\" width=\"1159\" height=\"424\" src=\"https:\/\/lionsofjudah.world\/wp-content\/uploads\/2025\/05\/all-tribes-worshipping-Jesus-wide.png\" class=\"attachment-full size-full wp-image-185\" alt=\"\" srcset=\"https:\/\/lionsofjudah.world\/wp-content\/uploads\/2025\/05\/all-tribes-worshipping-Jesus-wide.png 1159w, https:\/\/lionsofjudah.world\/wp-content\/uploads\/2025\/05\/all-tribes-worshipping-Jesus-wide-300x110.png 300w, https:\/\/lionsofjudah.world\/wp-content\/uploads\/2025\/05\/all-tribes-worshipping-Jesus-wide-1024x375.png 1024w, https:\/\/lionsofjudah.world\/wp-content\/uploads\/2025\/05\/all-tribes-worshipping-Jesus-wide-768x281.png 768w\" sizes=\"(max-width: 1159px) 100vw, 1159px\" \/>\t\t\t\t\t\t\t\t\t\t\t\t\t\t\t<\/div>\n\t\t\t\t<\/div>\n\t\t\t\t<\/div>\n\t\t<div class=\"elementor-element elementor-element-114c9ec e-con-full e-flex e-con e-parent\" data-id=\"114c9ec\" data-element_type=\"container\">\n\t\t\t\t<div class=\"elementor-element elementor-element-8acbfa1 elementor-widget-divider--view-line elementor-widget elementor-widget-divider\" data-id=\"8acbfa1\" data-element_type=\"widget\" data-widget_type=\"divider.default\">\n\t\t\t\t<div class=\"elementor-widget-container\">\n\t\t\t\t\t\t\t<div class=\"elementor-divider\">\n\t\t\t<span class=\"elementor-divider-separator\">\n\t\t\t\t\t\t<\/span>\n\t\t<\/div>\n\t\t\t\t\t\t<\/div>\n\t\t\t\t<\/div>\n\t\t\t\t<div class=\"elementor-element elementor-element-b0b0166 elementor-widget elementor-widget-heading\" data-id=\"b0b0166\" data-element_type=\"widget\" data-widget_type=\"heading.default\">\n\t\t\t\t<div class=\"elementor-widget-container\">\n\t\t\t\t\t<h4 class=\"elementor-heading-title elementor-size-default\"><p data-start=\"65\" data-end=\"425\"><strong data-start=\"65\" data-end=\"113\">Welcome to the Lion\u2019s Den of Lions of Judah.<\/strong><br data-start=\"113\" data-end=\"116\">\nOur Lord and King is Jesus Christ, the Lion of the Tribe of Judah.<br data-start=\"182\" data-end=\"185\">\nWe are called to raise up lions and lionesses for Christ\u2014warriors who will take dominion over territories to advance His Kingdom on earth.<br data-start=\"323\" data-end=\"326\">\nThis mission is not fueled by pride, but by love, power, and complete surrender to the Holy Spirit.<\/p>\n<p data-start=\"427\" data-end=\"517\">If you\u2019re ready to live fully for Jesus and discover your God-given purpose, then join us.<\/p><\/h4>\t\t\t\t<\/div>\n\t\t\t\t<\/div>\n\t\t<div class=\"elementor-element elementor-element-d0c656d e-con-full e-flex e-con e-child\" data-id=\"d0c656d\" data-element_type=\"container\">\n\t\t\t\t<div class=\"elementor-element elementor-element-e4326d5 elementor-widget-divider--view-line elementor-widget elementor-widget-divider\" data-id=\"e4326d5\" data-element_type=\"widget\" data-widget_type=\"divider.default\">\n\t\t\t\t<div class=\"elementor-widget-container\">\n\t\t\t\t\t\t\t<div class=\"elementor-divider\">\n\t\t\t<span class=\"elementor-divider-separator\">\n\t\t\t\t\t\t<\/span>\n\t\t<\/div>\n\t\t\t\t\t\t<\/div>\n\t\t\t\t<\/div>\n\t\t\t\t<div class=\"elementor-element elementor-element-99bd0f5 elementor-widget elementor-widget-heading\" data-id=\"99bd0f5\" data-element_type=\"widget\" data-widget_type=\"heading.default\">\n\t\t\t\t<div class=\"elementor-widget-container\">\n\t\t\t\t\t<h4 class=\"elementor-heading-title elementor-size-default\"><p data-start=\"1429\" data-end=\"1710\"><strong data-start=\"1429\" data-end=\"1481\">Ch\u00e0o m\u1eebng \u0111\u1ebfn v\u1edbi Hang S\u01b0 T\u1eed c\u1ee7a Lions of Judah!<\/strong><br data-start=\"1481\" data-end=\"1484\">\nCh\u00fang t\u00f4i th\u1edd ph\u01b0\u1ee3ng Ch\u00faa Gi\u00ea-xu Christ\u2014S\u01b0 T\u1eed c\u1ee7a chi ph\u00e1i Giu-\u0111a.<br data-start=\"1550\" data-end=\"1553\">\nCh\u00fang t\u00f4i \u0111\u01b0\u1ee3c k\u00eau g\u1ecdi \u0111\u1ec3 hu\u1ea5n luy\u1ec7n nh\u1eefng chi\u1ebfn binh cho Ng\u00e0i, mang V\u01b0\u01a1ng Qu\u1ed1c c\u1ee7a Ch\u00faa \u0111\u1ebfn v\u1edbi th\u1ebf gian qua t\u00ecnh y\u00eau, quy\u1ec1n n\u0103ng v\u00e0 s\u1ef1 \u0111\u1ea7u ph\u1ee5c Th\u00e1nh Linh.<\/p><p data-start=\"65\" data-end=\"425\">\n<\/p><p data-start=\"1712\" data-end=\"1784\">B\u1ea1n s\u1eb5n s\u00e0ng s\u1ed1ng cho Ng\u00e0i ch\u01b0a? H\u00e3y b\u01b0\u1edbc v\u00e0o h\u00e0nh tr\u00ecnh c\u00f9ng ch\u00fang t\u00f4i.<\/p><\/h4>\t\t\t\t<\/div>\n\t\t\t\t<\/div>\n\t\t\t\t<\/div>\n\t\t\t\t<\/div>\n\t\t\t\t<\/div>\n\t\t","protected":false},"excerpt":{"rendered":"<p>Welcome to the Lion\u2019s Den of Lions of Judah. Our Lord and King is Jesus Christ, the Lion of the Tribe of Judah. We are called to raise up lions and lionesses for Christ\u2014warriors who will take dominion over territories to advance His Kingdom on earth. This mission is not fueled by pride, but by [&hellip;]<\/p>\n","protected":false},"author":1,"featured_media":0,"parent":0,"menu_order":0,"comment_status":"closed","ping_status":"closed","template":"","meta":{"footnotes":""},"class_list":["post-28","page","type-page","status-publish","hentry"],"yoast_head":"<!-- This site is optimized with the Yoast SEO plugin v25.1 - https:\/\/yoast.com\/wordpress\/plugins\/seo\/ -->\n<title>Home - Lions of Judah<\/title>\n<meta name=\"robots\" content=\"index, follow, max-snippet:-1, max-image-preview:large, max-video-preview:-1\" \/>\n<link rel=\"canonical\" href=\"https:\/\/lionsofjudah.world\/\" \/>\n<meta property=\"og:locale\" content=\"en_US\" \/>\n<meta property=\"og:type\" content=\"article\" \/>\n<meta property=\"og:title\" content=\"Home - Lions of Judah\" \/>\n<meta property=\"og:description\" content=\"Welcome to the Lion\u2019s Den of Lions of Judah. Our Lord and King is Jesus Christ, the Lion of the Tribe of Judah. We are called to raise up lions and lionesses for Christ\u2014warriors who will take dominion over territories to advance His Kingdom on earth. This mission is not fueled by pride, but by [&hellip;]\" \/>\n<meta property=\"og:url\" content=\"https:\/\/lionsofjudah.world\/\" \/>\n<meta property=\"og:site_name\" content=\"Lions of Judah\" \/>\n<meta property=\"article:modified_time\" content=\"2025-05-29T05:57:52+00:00\" \/>\n<meta property=\"og:image\" content=\"https:\/\/lionsofjudah.world\/wp-content\/uploads\/2025\/05\/all-tribes-worshipping-Jesus-wide.png\" \/>\n\t<meta property=\"og:image:width\" content=\"1159\" \/>\n\t<meta property=\"og:image:height\" content=\"424\" \/>\n\t<meta property=\"og:image:type\" content=\"image\/png\" \/>\n<meta name=\"twitter:card\" content=\"summary_large_image\" \/>\n<meta name=\"twitter:label1\" content=\"Est. reading time\" \/>\n\t<meta name=\"twitter:data1\" content=\"1 minute\" \/>\n<script type=\"application\/ld+json\" class=\"yoast-schema-graph\">{\"@context\":\"https:\/\/schema.org\",\"@graph\":[{\"@type\":\"WebPage\",\"@id\":\"https:\/\/lionsofjudah.world\/\",\"url\":\"https:\/\/lionsofjudah.world\/\",\"name\":\"Home - Lions of Judah\",\"isPartOf\":{\"@id\":\"https:\/\/lionsofjudah.world\/#website\"},\"primaryImageOfPage\":{\"@id\":\"https:\/\/lionsofjudah.world\/#primaryimage\"},\"image\":{\"@id\":\"https:\/\/lionsofjudah.world\/#primaryimage\"},\"thumbnailUrl\":\"http:\/\/lionsofjudah.world\/wp-content\/uploads\/2025\/05\/all-tribes-worshipping-Jesus-wide.png\",\"datePublished\":\"2025-05-26T22:03:26+00:00\",\"dateModified\":\"2025-05-29T05:57:52+00:00\",\"breadcrumb\":{\"@id\":\"https:\/\/lionsofjudah.world\/#breadcrumb\"},\"inLanguage\":\"en-US\",\"potentialAction\":[{\"@type\":\"ReadAction\",\"target\":[\"https:\/\/lionsofjudah.world\/\"]}]},{\"@type\":\"ImageObject\",\"inLanguage\":\"en-US\",\"@id\":\"https:\/\/lionsofjudah.world\/#primaryimage\",\"url\":\"https:\/\/lionsofjudah.world\/wp-content\/uploads\/2025\/05\/all-tribes-worshipping-Jesus-wide.png\",\"contentUrl\":\"https:\/\/lionsofjudah.world\/wp-content\/uploads\/2025\/05\/all-tribes-worshipping-Jesus-wide.png\",\"width\":1159,\"height\":424},{\"@type\":\"BreadcrumbList\",\"@id\":\"https:\/\/lionsofjudah.world\/#breadcrumb\",\"itemListElement\":[{\"@type\":\"ListItem\",\"position\":1,\"name\":\"Home\",\"item\":\"https:\/\/lionsofjudah.world\/\"},{\"@type\":\"ListItem\",\"position\":2,\"name\":\"Home\"}]},{\"@type\":\"WebSite\",\"@id\":\"https:\/\/lionsofjudah.world\/#website\",\"url\":\"https:\/\/lionsofjudah.world\/\",\"name\":\"Lions of Judah\",\"description\":\"\",\"publisher\":{\"@id\":\"https:\/\/lionsofjudah.world\/#organization\"},\"potentialAction\":[{\"@type\":\"SearchAction\",\"target\":{\"@type\":\"EntryPoint\",\"urlTemplate\":\"https:\/\/lionsofjudah.world\/?s={search_term_string}\"},\"query-input\":{\"@type\":\"PropertyValueSpecification\",\"valueRequired\":true,\"valueName\":\"search_term_string\"}}],\"inLanguage\":\"en-US\"},{\"@type\":\"Organization\",\"@id\":\"https:\/\/lionsofjudah.world\/#organization\",\"name\":\"Lions of Judah\",\"url\":\"https:\/\/lionsofjudah.world\/\",\"logo\":{\"@type\":\"ImageObject\",\"inLanguage\":\"en-US\",\"@id\":\"https:\/\/lionsofjudah.world\/#\/schema\/logo\/image\/\",\"url\":\"https:\/\/lionsofjudah.world\/wp-content\/uploads\/2025\/05\/lionofjudah-edited.webp\",\"contentUrl\":\"https:\/\/lionsofjudah.world\/wp-content\/uploads\/2025\/05\/lionofjudah-edited.webp\",\"width\":500,\"height\":463,\"caption\":\"Lions of Judah\"},\"image\":{\"@id\":\"https:\/\/lionsofjudah.world\/#\/schema\/logo\/image\/\"}}]}<\/script>\n<!-- \/ Yoast SEO plugin. -->","yoast_head_json":{"title":"Home - Lions of Judah","robots":{"index":"index","follow":"follow","max-snippet":"max-snippet:-1","max-image-preview":"max-image-preview:large","max-video-preview":"max-video-preview:-1"},"canonical":"https:\/\/lionsofjudah.world\/","og_locale":"en_US","og_type":"article","og_title":"Home - Lions of Judah","og_description":"Welcome to the Lion\u2019s Den of Lions of Judah. Our Lord and King is Jesus Christ, the Lion of the Tribe of Judah. We are called to raise up lions and lionesses for Christ\u2014warriors who will take dominion over territories to advance His Kingdom on earth. This mission is not fueled by pride, but by [&hellip;]","og_url":"https:\/\/lionsofjudah.world\/","og_site_name":"Lions of Judah","article_modified_time":"2025-05-29T05:57:52+00:00","og_image":[{"width":1159,"height":424,"url":"https:\/\/lionsofjudah.world\/wp-content\/uploads\/2025\/05\/all-tribes-worshipping-Jesus-wide.png","type":"image\/png"}],"twitter_card":"summary_large_image","twitter_misc":{"Est. reading time":"1 minute"},"schema":{"@context":"https:\/\/schema.org","@graph":[{"@type":"WebPage","@id":"https:\/\/lionsofjudah.world\/","url":"https:\/\/lionsofjudah.world\/","name":"Home - Lions of Judah","isPartOf":{"@id":"https:\/\/lionsofjudah.world\/#website"},"primaryImageOfPage":{"@id":"https:\/\/lionsofjudah.world\/#primaryimage"},"image":{"@id":"https:\/\/lionsofjudah.world\/#primaryimage"},"thumbnailUrl":"http:\/\/lionsofjudah.world\/wp-content\/uploads\/2025\/05\/all-tribes-worshipping-Jesus-wide.png","datePublished":"2025-05-26T22:03:26+00:00","dateModified":"2025-05-29T05:57:52+00:00","breadcrumb":{"@id":"https:\/\/lionsofjudah.world\/#breadcrumb"},"inLanguage":"en-US","potentialAction":[{"@type":"ReadAction","target":["https:\/\/lionsofjudah.world\/"]}]},{"@type":"ImageObject","inLanguage":"en-US","@id":"https:\/\/lionsofjudah.world\/#primaryimage","url":"https:\/\/lionsofjudah.world\/wp-content\/uploads\/2025\/05\/all-tribes-worshipping-Jesus-wide.png","contentUrl":"https:\/\/lionsofjudah.world\/wp-content\/uploads\/2025\/05\/all-tribes-worshipping-Jesus-wide.png","width":1159,"height":424},{"@type":"BreadcrumbList","@id":"https:\/\/lionsofjudah.world\/#breadcrumb","itemListElement":[{"@type":"ListItem","position":1,"name":"Home","item":"https:\/\/lionsofjudah.world\/"},{"@type":"ListItem","position":2,"name":"Home"}]},{"@type":"WebSite","@id":"https:\/\/lionsofjudah.world\/#website","url":"https:\/\/lionsofjudah.world\/","name":"Lions of Judah","description":"","publisher":{"@id":"https:\/\/lionsofjudah.world\/#organization"},"potentialAction":[{"@type":"SearchAction","target":{"@type":"EntryPoint","urlTemplate":"https:\/\/lionsofjudah.world\/?s={search_term_string}"},"query-input":{"@type":"PropertyValueSpecification","valueRequired":true,"valueName":"search_term_string"}}],"inLanguage":"en-US"},{"@type":"Organization","@id":"https:\/\/lionsofjudah.world\/#organization","name":"Lions of Judah","url":"https:\/\/lionsofjudah.world\/","logo":{"@type":"ImageObject","inLanguage":"en-US","@id":"https:\/\/lionsofjudah.world\/#\/schema\/logo\/image\/","url":"https:\/\/lionsofjudah.world\/wp-content\/uploads\/2025\/05\/lionofjudah-edited.webp","contentUrl":"https:\/\/lionsofjudah.world\/wp-content\/uploads\/2025\/05\/lionofjudah-edited.webp","width":500,"height":463,"caption":"Lions of Judah"},"image":{"@id":"https:\/\/lionsofjudah.world\/#\/schema\/logo\/image\/"}}]}},"_links":{"self":[{"href":"https:\/\/lionsofjudah.world\/index.php?rest_route=\/wp\/v2\/pages\/28","targetHints":{"allow":["GET"]}}],"collection":[{"href":"https:\/\/lionsofjudah.world\/index.php?rest_route=\/wp\/v2\/pages"}],"about":[{"href":"https:\/\/lionsofjudah.world\/index.php?rest_route=\/wp\/v2\/types\/page"}],"author":[{"embeddable":true,"href":"https:\/\/lionsofjudah.world\/index.php?rest_route=\/wp\/v2\/users\/1"}],"replies":[{"embeddable":true,"href":"https:\/\/lionsofjudah.world\/index.php?rest_route=%2Fwp%2Fv2%2Fcomments&post=28"}],"version-history":[{"count":39,"href":"https:\/\/lionsofjudah.world\/index.php?rest_route=\/wp\/v2\/pages\/28\/revisions"}],"predecessor-version":[{"id":188,"href":"https:\/\/lionsofjudah.world\/index.php?rest_route=\/wp\/v2\/pages\/28\/revisions\/188"}],"wp:attachment":[{"href":"https:\/\/lionsofjudah.world\/index.php?rest_route=%2Fwp%2Fv2%2Fmedia&parent=28"}],"curies":[{"name":"wp","href":"https:\/\/api.w.org\/{rel}","templated":true}]}}